{"id":15,"date":"2025-09-17T15:29:44","date_gmt":"2025-09-17T15:29:44","guid":{"rendered":"https:\/\/prev.korela.com.br\/?page_id=15"},"modified":"2025-09-17T15:30:27","modified_gmt":"2025-09-17T15:30:27","slug":"teste","status":"publish","type":"page","link":"https:\/\/prev.korela.com.br\/index.php\/teste\/","title":{"rendered":"Teste"},"content":{"rendered":"\t\t<div data-elementor-type=\"wp-page\" data-elementor-id=\"15\" class=\"elementor elementor-15\" data-elementor-post-type=\"page\">\n\t\t\t\t<div class=\"elementor-element elementor-element-5394d5c7 e-flex e-con-boxed e-con e-parent\" data-id=\"5394d5c7\" data-element_type=\"container\">\n\t\t\t\t\t<div class=\"e-con-inner\">\n\t\t\t\t<div class=\"elementor-element elementor-element-348a6342 elementor-widget elementor-widget-text-editor\" data-id=\"348a6342\" data-element_type=\"widget\" data-widget_type=\"text-editor.default\">\n\t\t\t\t\t\t\t\t\t\n<p><\/p>\n\n\n\n<p><\/p>\n\t\t\t\t\t\t\t\t<\/div>\n\t\t\t\t\t<\/div>\n\t\t\t\t<\/div>\n\t\t<div class=\"elementor-element elementor-element-97dd4a1 e-flex e-con-boxed e-con e-parent\" data-id=\"97dd4a1\" data-element_type=\"container\">\n\t\t\t\t\t<div class=\"e-con-inner\">\n\t\t\t\t<div class=\"elementor-element elementor-element-fd872c9 elementor-widget elementor-widget-formidable\" data-id=\"fd872c9\" data-element_type=\"widget\" data-widget_type=\"formidable.default\">\n\t\t\t\t<div class=\"elementor-widget-container\">\n\t\t\t\t\t<div class=\"frm_forms  with_frm_style frm_style_sleek-smooth-style\" id=\"frm_form_2_container\" data-token=\"79714322950f8b0bca153b78aa9c7720\">\n<form enctype=\"multipart\/form-data\" method=\"post\" class=\"frm-show-form  frm_pro_form \" id=\"form_abertura-de-empresa\" data-token=\"79714322950f8b0bca153b78aa9c7720\">\n<div class=\"frm_form_fields  frm_page_num_1\">\n<fieldset>\n<legend class=\"frm_screen_reader\">Abertura de empresa<\/legend>\r\n\r\n<div class=\"frm_fields_container\">\n<div class=\"frm_rootline_group\" role=\"group\" tabindex=\"0\" aria-label=\"P\u00e1gina 1 de 4\" ><ul class=\"frm_page_bar frm_rootline_4 frm_progress frm_progress_line  frm_show_lines frm_show_titles\"><li class=\"frm_rootline_single frm_current_page\"><span class=\"frm_rootline_title\">Dados Pessoais<\/span><input type=\"button\" value=\"1\" data-page=\"\" class=\" frm_page_1\" aria-disabled=\"true\" data-field=\"0\" aria-label=\"Dados Pessoais\"  \/><\/li><li class=\"frm_rootline_single\"><span class=\"frm_rootline_title\">Dados da Empresa<\/span><input type=\"button\" value=\"2\" data-page=\"19\" class=\"frm_page_skip frm_page_2\" data-field=\"15\" aria-label=\"Dados da Empresa\"  \/><\/li><li class=\"frm_rootline_single\"><span class=\"frm_rootline_title\">Dados do Servi\u00e7o<\/span><input type=\"button\" value=\"3\" data-page=\"35\" class=\"frm_page_skip frm_page_3\" data-field=\"38\" aria-label=\"Dados do Servi\u00e7o\"  \/><\/li><li class=\"frm_rootline_single\"><span class=\"frm_rootline_title\">P\u00e1gina 4<\/span><input type=\"button\" value=\"4\" data-page=\"54\" class=\"frm_page_skip frm_page_4\" data-field=\"53\" aria-label=\"P\u00e1gina 4\"  \/><\/li><\/ul><div class=\"frm_percent_complete\">0% Completo<\/div><div class=\"frm_pages_complete\">1 de 4<\/div><div class=\"frm_clearfix\"><\/div><\/div><input type=\"hidden\" name=\"frm_action\" value=\"create\" \/>\n<input type=\"hidden\" name=\"form_id\" value=\"2\" \/>\n<input type=\"hidden\" name=\"frm_hide_fields_2\" id=\"frm_hide_fields_2\" value=\"\" \/>\n<input type=\"hidden\" name=\"form_key\" value=\"abertura-de-empresa\" \/>\n<input type=\"hidden\" name=\"item_meta[0]\" value=\"\" \/>\n<input type=\"hidden\" id=\"frm_submit_entry_2\" name=\"frm_submit_entry_2\" value=\"81694d6067\" \/><input type=\"hidden\" name=\"_wp_http_referer\" value=\"\/index.php\/wp-json\/wp\/v2\/pages\/15\" \/><div id=\"frm_field_14_container\" class=\"frm_form_field form-field  frm_required_field frm_top_container frm6 frm_first\">\r\n\t<label for=\"field_k0jro\" id=\"field_k0jro_label\" class=\"frm_primary_label\">Nome completo\r\n\t\t<span class=\"frm_required\" aria-hidden=\"true\">*<\/span>\r\n\t<\/label>\r\n\t<input  type=\"text\" id=\"field_k0jro\" name=\"item_meta[14]\" value=\"\"  data-reqmsg=\"O Nome completo n\u00e3o pode ficar em branco.\" aria-required=\"true\" data-invmsg=\"Nome completo \u00e9 inv\u00e1lido\" aria-invalid=\"false\"   \/>\r\n\t\r\n\t\r\n<\/div>\n<div id=\"frm_field_10_container\" class=\"frm_form_field form-field  frm_top_container frm6\">\r\n\t<label for=\"field_ae0g4\" id=\"field_ae0g4_label\" class=\"frm_primary_label\">E-mail\r\n\t\t<span class=\"frm_required\" aria-hidden=\"true\"><\/span>\r\n\t<\/label>\r\n\t<input type=\"email\" id=\"field_ae0g4\" name=\"item_meta[10]\" value=\"\"  autocomplete=\"email\"  data-invmsg=\"E-mail \u00e9 inv\u00e1lido\" aria-invalid=\"false\"  \/>\r\n\t\r\n\t\r\n<\/div>\n<div id=\"frm_field_11_container\" class=\"frm_form_field form-field  frm_top_container frm6 frm_first\">\r\n\t<label for=\"field_9kan2\" id=\"field_9kan2_label\" class=\"frm_primary_label\">Telefone\r\n\t\t<span class=\"frm_required\" aria-hidden=\"true\"><\/span>\r\n\t<\/label>\r\n\t<input type=\"tel\" id=\"field_9kan2\" name=\"item_meta[11]\" value=\"\"  data-invmsg=\"Telefone \u00e9 inv\u00e1lido\" aria-invalid=\"false\" pattern=\"((\\+\\d{1,3}(-|.| )?\\(?\\d\\)?(-| |.)?\\d{1,5})|(\\(?\\d{2,6}\\)?))(-|.| )?(\\d{3,4})(-|.| )?(\\d{4})(( x| ext)\\d{1,5}){0,1}$\"  \/>\r\n\t\r\n\t\r\n<\/div>\n<div id=\"frm_field_12_container\" class=\"frm_form_field form-field  frm_top_container frm6\">\r\n\t<label for=\"field_aghe2\" id=\"field_aghe2_label\" class=\"frm_primary_label\">CPF\r\n\t\t<span class=\"frm_required\" aria-hidden=\"true\"><\/span>\r\n\t<\/label>\r\n\t<input  type=\"text\" id=\"field_aghe2\" name=\"item_meta[12]\" value=\"\"  data-invmsg=\"CPF \u00e9 inv\u00e1lido\" aria-invalid=\"false\"   \/>\r\n\t\r\n\t\r\n<\/div>\n<div id=\"frm_field_16_container\" class=\"frm_form_field form-field  frm_top_container frm6 frm_first\">\r\n\t<label for=\"field_k55jy\" id=\"field_k55jy_label\" class=\"frm_primary_label\">Data de Nascimento\r\n\t\t<span class=\"frm_required\" aria-hidden=\"true\"><\/span>\r\n\t<\/label>\r\n\t<input type=\"text\" id=\"field_k55jy\" name=\"item_meta[16]\" value=\"\"  maxlength=\"10\" data-invmsg=\"Data de Nascimento \u00e9 inv\u00e1lido\" class=\"frm_date\" aria-invalid=\"false\"  \/>\r\n\t\r\n\t\r\n<\/div>\n<div id=\"frm_field_17_container\" class=\"frm_form_field form-field  frm_top_container frm6\">\r\n\t<label for=\"field_nla55\" id=\"field_nla55_label\" class=\"frm_primary_label\">G\u00eanero\r\n\t\t<span class=\"frm_required\" aria-hidden=\"true\"><\/span>\r\n\t<\/label>\r\n\t\t\t<select name=\"item_meta[17]\" id=\"field_nla55\"  data-invmsg=\"G\u00eanero \u00e9 inv\u00e1lido\" aria-invalid=\"false\"  >\n\t\t<option  value=\"\" selected='selected'> <\/option><option  value=\"Op\u00e7\u00e3o 1\">Op\u00e7\u00e3o 1<\/option>\t<\/select>\n\t\r\n\t\r\n\t\r\n<\/div>\n<div id=\"frm_field_19_container\" class=\"frm_form_field form-field  frm_top_container frm6 frm_first\">\r\n\t<label for=\"field_hej1r\" id=\"field_hej1r_label\" class=\"frm_primary_label\">Estado Civil\r\n\t\t<span class=\"frm_required\" aria-hidden=\"true\"><\/span>\r\n\t<\/label>\r\n\t\t\t<select name=\"item_meta[19]\" id=\"field_hej1r\"  data-invmsg=\"Estado Civil \u00e9 inv\u00e1lido\" aria-invalid=\"false\"  >\n\t\t<option  value=\"\" selected='selected'> <\/option><option  value=\"Op\u00e7\u00e3o 1\">Op\u00e7\u00e3o 1<\/option>\t<\/select>\n\t\r\n\t\r\n\t\r\n<\/div>\n<div id=\"frm_field_20_container\" class=\"frm_form_field form-field  frm_top_container frm6\">\r\n\t<label for=\"field_sky4a\" id=\"field_sky4a_label\" class=\"frm_primary_label\">CEP\r\n\t\t<span class=\"frm_required\" aria-hidden=\"true\"><\/span>\r\n\t<\/label>\r\n\t<input  type=\"text\" id=\"field_sky4a\" name=\"item_meta[20]\" value=\"\"  data-invmsg=\"CEP \u00e9 inv\u00e1lido\" aria-invalid=\"false\"   \/>\r\n\t\r\n\t\r\n<\/div>\n<div id=\"frm_field_21_container\" class=\"frm_form_field form-field  frm_top_container\">\r\n\t<label for=\"field_1infe\" id=\"field_1infe_label\" class=\"frm_primary_label\">Endere\u00e7o Completo\r\n\t\t<span class=\"frm_required\" aria-hidden=\"true\"><\/span>\r\n\t<\/label>\r\n\t<input  type=\"text\" id=\"field_1infe\" name=\"item_meta[21]\" value=\"\"  data-invmsg=\"Endere\u00e7o Completo \u00e9 inv\u00e1lido\" aria-invalid=\"false\"   \/>\r\n\t\r\n\t\r\n<\/div>\n<div id=\"frm_field_23_container\" class=\"frm_form_field form-field  frm_top_container frm6 frm_first\">\r\n\t<label for=\"field_7wl6m\" id=\"field_7wl6m_label\" class=\"frm_primary_label\">Cidade\r\n\t\t<span class=\"frm_required\" aria-hidden=\"true\"><\/span>\r\n\t<\/label>\r\n\t<input  type=\"text\" id=\"field_7wl6m\" name=\"item_meta[23]\" value=\"\"  data-invmsg=\"Cidade \u00e9 inv\u00e1lido\" aria-invalid=\"false\"   \/>\r\n\t\r\n\t\r\n<\/div>\n<div id=\"frm_field_25_container\" class=\"frm_form_field form-field  frm_top_container frm6\">\r\n\t<label for=\"field_sv61r\" id=\"field_sv61r_label\" class=\"frm_primary_label\">Estado\r\n\t\t<span class=\"frm_required\" aria-hidden=\"true\"><\/span>\r\n\t<\/label>\r\n\t<input  type=\"text\" id=\"field_sv61r\" name=\"item_meta[25]\" value=\"\"  data-invmsg=\"Estado \u00e9 inv\u00e1lido\" aria-invalid=\"false\"   \/>\r\n\t\r\n\t\r\n<\/div>\n<input type=\"hidden\" name=\"frm_page_order_2\" id=\"frm_page_order_2\" value=\"19\" \/><input type=\"hidden\" name=\"item_meta[18]\" id=\"field_y7jg3\" value=\"\"     \/>\n<input type=\"hidden\" name=\"item_meta[32]\" id=\"field_zvgd\" value=\"\"     \/>\n<input type=\"hidden\" name=\"item_meta[33]\" id=\"field_b0idz\" value=\"\"     \/>\n<input type=\"hidden\" name=\"item_meta[34]\" id=\"field_1clwq\" value=\"\"     \/>\n<input type=\"hidden\" name=\"item_meta[35]\" id=\"field_1z8no\" value=\"\"     \/>\n<input type=\"hidden\" name=\"item_meta[36]\" id=\"field_vaeb\" value=\"\"     \/>\n<input type=\"hidden\" name=\"item_meta[37]\" id=\"field_l34q\" value=\"\"     \/>\n<input type=\"hidden\" name=\"item_meta[24]\" id=\"field_a5dyx\" value=\"\"     \/>\n<input type=\"hidden\" name=\"item_meta[38]\" id=\"field_elbq6\" value=\"\"     \/>\n<input type=\"hidden\" name=\"item_meta[39]\" id=\"field_cauhf\" value=\"\"     \/>\n<input type=\"hidden\" name=\"item_meta[41]\" id=\"field_21zty\" value=\"\"  data-sectionid=\"39\"     \/>\n<input type=\"hidden\" name=\"item_meta[42]\" id=\"field_f3e0z\" value=\"\"  data-sectionid=\"39\"     \/>\n<input type=\"hidden\" name=\"item_meta[40]\" id=\"field_xc72v\" value=\"\"     \/>\n<input type=\"hidden\" name=\"item_meta[43]\" id=\"field_rhvnt\" value=\"\"     \/>\n<input type=\"hidden\" name=\"item_meta[44]\" id=\"field_t91f0\" value=\"\"  data-sectionid=\"43\"     \/>\n<input type=\"hidden\" name=\"item_meta[45]\" id=\"field_j0xfm\" value=\"\"  data-sectionid=\"43\"     \/>\n<input type=\"hidden\" name=\"item_meta[46]\" id=\"field_742n7\" value=\"\"     \/>\n<input type=\"hidden\" name=\"item_meta[47]\" id=\"field_a1h4f\" value=\"\"     \/>\n<input type=\"hidden\" name=\"item_meta[51]\" id=\"field_35vvt-0\" value=\"\"  data-sectionid=\"47\"     \/>\n<input type=\"hidden\" name=\"item_meta[50]\" id=\"field_2f9e9\" value=\"\"     \/>\n<input type=\"hidden\" name=\"item_meta[53]\" id=\"field_qthye\" value=\"\"     \/>\n<input type=\"hidden\" name=\"item_meta[54]\" id=\"field_eod9h\" value=\"\"     \/>\n<input type=\"hidden\" name=\"item_meta[56]\" id=\"field_k1z9w\" value=\"\"  data-frmprice=\"0\" data-frmhigherpg     \/>\n<input type=\"hidden\" name=\"item_meta[55]\" id=\"field_ysrhj\" value=\"\"  data-frmtotal     \/>\n<input type=\"hidden\" name=\"item_meta[6]\" id=\"field_enviar\" value=\"\"     \/>\n<input type=\"hidden\" name=\"item_meta[57]\" id=\"field_5439k\" value=\"\"     \/>\n\t<input type=\"hidden\" name=\"item_key\" value=\"\" \/>\n\t\t\t<div id=\"frm_field_58_container\">\n\t\t\t<label for=\"field_x7qse\" >\n\t\t\t\tSe voc\u00ea \u00e9 humano, deixe este campo em branco.\t\t\t<\/label>\n\t\t\t<input  id=\"field_x7qse\" type=\"text\" class=\"frm_form_field form-field frm_verify\" name=\"item_meta[58]\" value=\"\"  \/>\n\t\t<\/div>\n\t\t<input name=\"frm_state\" type=\"hidden\" value=\"DJV3EuEHPJf69V9crsnu33fQ2l1BdetmEGP+QRzeR+KDG7DWpWbgOYjbz0dTlthN\" \/><div class=\"frm_submit frm_flex\">\r\n<button class=\"frm_button_submit\" type=\"submit\"   formnovalidate=\"formnovalidate\">Proximo<\/button>\r\n\r\n\r\n\r\n<\/div><\/div>\n<\/fieldset>\n<\/div>\n\n<\/form>\n<\/div>\n\t\t\t\t<\/div>\n\t\t\t\t<\/div>\n\t\t\t\t\t<\/div>\n\t\t\t\t<\/div>\n\t\t\t\t<\/div>\n\t\t","protected":false},"excerpt":{"rendered":"<p>Abertura de empresa Dados Pessoais Dados da Empresa Dados do Servi\u00e7o P\u00e1gina 4 0% Completo1 de 4 Nome completo * E-mail Telefone CPF Data de Nascimento G\u00eanero Op\u00e7\u00e3o 1 Estado Civil Op\u00e7\u00e3o 1 CEP Endere\u00e7o Completo Cidade Estado Se voc\u00ea \u00e9 humano, deixe este campo em branco. Proximo<\/p>\n","protected":false},"author":1,"featured_media":0,"parent":0,"menu_order":0,"comment_status":"closed","ping_status":"closed","template":"","meta":{"footnotes":""},"class_list":["post-15","page","type-page","status-publish","hentry"],"_links":{"self":[{"href":"https:\/\/prev.korela.com.br\/index.php\/wp-json\/wp\/v2\/pages\/15","targetHints":{"allow":["GET"]}}],"collection":[{"href":"https:\/\/prev.korela.com.br\/index.php\/wp-json\/wp\/v2\/pages"}],"about":[{"href":"https:\/\/prev.korela.com.br\/index.php\/wp-json\/wp\/v2\/types\/page"}],"author":[{"embeddable":true,"href":"https:\/\/prev.korela.com.br\/index.php\/wp-json\/wp\/v2\/users\/1"}],"replies":[{"embeddable":true,"href":"https:\/\/prev.korela.com.br\/index.php\/wp-json\/wp\/v2\/comments?post=15"}],"version-history":[{"count":4,"href":"https:\/\/prev.korela.com.br\/index.php\/wp-json\/wp\/v2\/pages\/15\/revisions"}],"predecessor-version":[{"id":20,"href":"https:\/\/prev.korela.com.br\/index.php\/wp-json\/wp\/v2\/pages\/15\/revisions\/20"}],"wp:attachment":[{"href":"https:\/\/prev.korela.com.br\/index.php\/wp-json\/wp\/v2\/media?parent=15"}],"curies":[{"name":"wp","href":"https:\/\/api.w.org\/{rel}","templated":true}]}}